{"id":38,"date":"2023-08-31T02:26:04","date_gmt":"2023-08-31T02:26:04","guid":{"rendered":"http:\/\/mygavafute.com\/?post_type=product&#038;p=38"},"modified":"2023-09-05T06:20:49","modified_gmt":"2023-09-05T06:20:49","slug":"te","status":"publish","type":"product","link":"https:\/\/mygavafute.com\/en\/product\/te\/","title":{"rendered":"Gavafut\u00e9 T\u00e9"},"content":{"rendered":"<p><strong>Gavafut\u00e9 T\u00e9<\/strong>, Contenido caja con 60 sobres de 1 gr. c\/u.<\/p>\n<p>El t\u00e9 es una bebida de gran popularidad y de las m\u00e1s antiguas del mundo, la mitad de\u00a0 la poblaci\u00f3n del mundo lo consume. Tomar t\u00e9 caliente en un d\u00eda frio es reconfortante. Beber t\u00e9 te mantiene hidratado, es un auxiliar en el proceso digestivo\u00a0despu\u00e9s de las comidas<\/p>\n<p><em>Modo de empleo:<\/em><\/p>\n<p>Tomar una bolsita de Gavafut\u00e9 T\u00e9 en el desayuno y antes de ir a dormir, Colocar una bolsita de T\u00e9 en una taza con agua hirviendo y deje reposar de 4 a 5 min. Endulce al gusto con az\u00facar o miel.<\/p>\n<p><em>Ingredientes:<\/em><\/p>\n<ul>\n<li>Ra\u00edz de lima (Citrus Lima).<\/li>\n<li>Ra\u00edz de tejocote (Crataegus pubescens).<\/li>\n<li>Malabar (Solanum verbascifolium).<\/li>\n<li>Zacate de lim\u00f3n (Cymbopogon citratus).<\/li>\n<li>Hoja de Ping\u00fcica (Arctostaphylos pungens)<\/li>\n<\/ul>","protected":false},"excerpt":{"rendered":"<p><strong>Gavafut\u00e9 T\u00e9<\/strong>, Contenido caja con 60 sobres de 1 gr. c\/u.<\/p>","protected":false},"featured_media":40,"comment_status":"open","ping_status":"closed","template":"","meta":[],"product_brand":[],"product_cat":[18],"product_tag":[],"class_list":{"0":"post-38","1":"product","2":"type-product","3":"status-publish","4":"has-post-thumbnail","6":"product_cat-gavafute","8":"first","9":"instock","10":"sale","11":"shipping-taxable","12":"purchasable","13":"product-type-simple"},"_links":{"self":[{"href":"https:\/\/mygavafute.com\/en\/wp-json\/wp\/v2\/product\/38","targetHints":{"allow":["GET"]}}],"collection":[{"href":"https:\/\/mygavafute.com\/en\/wp-json\/wp\/v2\/product"}],"about":[{"href":"https:\/\/mygavafute.com\/en\/wp-json\/wp\/v2\/types\/product"}],"replies":[{"embeddable":true,"href":"https:\/\/mygavafute.com\/en\/wp-json\/wp\/v2\/comments?post=38"}],"wp:featuredmedia":[{"embeddable":true,"href":"https:\/\/mygavafute.com\/en\/wp-json\/wp\/v2\/media\/40"}],"wp:attachment":[{"href":"https:\/\/mygavafute.com\/en\/wp-json\/wp\/v2\/media?parent=38"}],"wp:term":[{"taxonomy":"product_brand","embeddable":true,"href":"https:\/\/mygavafute.com\/en\/wp-json\/wp\/v2\/product_brand?post=38"},{"taxonomy":"product_cat","embeddable":true,"href":"https:\/\/mygavafute.com\/en\/wp-json\/wp\/v2\/product_cat?post=38"},{"taxonomy":"product_tag","embeddable":true,"href":"https:\/\/mygavafute.com\/en\/wp-json\/wp\/v2\/product_tag?post=38"}],"curies":[{"name":"wp","href":"https:\/\/api.w.org\/{rel}","templated":true}]}}