{"id":36,"date":"2023-08-31T02:25:34","date_gmt":"2023-08-31T02:25:34","guid":{"rendered":"http:\/\/mygavafute.com\/?post_type=product&#038;p=36"},"modified":"2023-09-05T06:21:22","modified_gmt":"2023-09-05T06:21:22","slug":"gel","status":"publish","type":"product","link":"https:\/\/mygavafute.com\/en\/product\/gel\/","title":{"rendered":"Gavafut\u00e9 Gel"},"content":{"rendered":"<p><strong>Gavafut\u00e9 Gel<\/strong>, Frasco con 150grs. c\/u.<\/p>\n<p>Trabajando simult\u00e1neamente con las c\u00e1psulas favorece la\u00a0 reducci\u00f3n de celulitis,\u00a0 auxiliar para\u00a0 prevenir la formaci\u00f3n de estr\u00edas,\u00a0 y reafirmar. No tiene olor, ni mancha la ropa.<\/p>\n<p><em>Modo de empleo:<\/em><\/p>\n<p>Apl\u1f77quese una vez al d\u00eda despu\u00e9s del ba\u00f1o, distribuyendo en las zonas deseadas una cantidad generosa, es un producto cosm\u00e9tico con ingredientes de origen natural, el cual puede ser usado en \u00e1reas espec\u00edficas como son: vientre, estomago, brazos, cuello y piernas; aplicando una suave masaje hasta que del gel desaparezca.<\/p>\n<p><em>Ingredientes:<\/em><\/p>\n<ul>\n<li>Esencia de romero. (Romerus officinalis).<\/li>\n<li>\u00c1rnica. (Arnica montana).<\/li>\n<li>Manzanilla. (Chamaemelum nobile).<\/li>\n<li>Algas marinas. (Fucus vesiculosus y 0.05 de Alcanfor).<\/li>\n<\/ul>","protected":false},"excerpt":{"rendered":"<p><strong>Gavafut\u00e9 Gel<\/strong>, Frasco con 150grs. c\/u.<\/p>","protected":false},"featured_media":37,"comment_status":"open","ping_status":"closed","template":"","meta":[],"product_brand":[],"product_cat":[18],"product_tag":[],"class_list":{"0":"post-36","1":"product","2":"type-product","3":"status-publish","4":"has-post-thumbnail","6":"product_cat-gavafute","8":"first","9":"instock","10":"sale","11":"shipping-taxable","12":"purchasable","13":"product-type-simple"},"_links":{"self":[{"href":"https:\/\/mygavafute.com\/en\/wp-json\/wp\/v2\/product\/36","targetHints":{"allow":["GET"]}}],"collection":[{"href":"https:\/\/mygavafute.com\/en\/wp-json\/wp\/v2\/product"}],"about":[{"href":"https:\/\/mygavafute.com\/en\/wp-json\/wp\/v2\/types\/product"}],"replies":[{"embeddable":true,"href":"https:\/\/mygavafute.com\/en\/wp-json\/wp\/v2\/comments?post=36"}],"wp:featuredmedia":[{"embeddable":true,"href":"https:\/\/mygavafute.com\/en\/wp-json\/wp\/v2\/media\/37"}],"wp:attachment":[{"href":"https:\/\/mygavafute.com\/en\/wp-json\/wp\/v2\/media?parent=36"}],"wp:term":[{"taxonomy":"product_brand","embeddable":true,"href":"https:\/\/mygavafute.com\/en\/wp-json\/wp\/v2\/product_brand?post=36"},{"taxonomy":"product_cat","embeddable":true,"href":"https:\/\/mygavafute.com\/en\/wp-json\/wp\/v2\/product_cat?post=36"},{"taxonomy":"product_tag","embeddable":true,"href":"https:\/\/mygavafute.com\/en\/wp-json\/wp\/v2\/product_tag?post=36"}],"curies":[{"name":"wp","href":"https:\/\/api.w.org\/{rel}","templated":true}]}}