{"id":34,"date":"2023-08-31T02:25:02","date_gmt":"2023-08-31T02:25:02","guid":{"rendered":"http:\/\/mygavafute.com\/?post_type=product&#038;p=34"},"modified":"2023-09-05T06:21:53","modified_gmt":"2023-09-05T06:21:53","slug":"fibra","status":"publish","type":"product","link":"https:\/\/mygavafute.com\/en\/product\/fibra\/","title":{"rendered":"Gavafut\u00e9 Fibra"},"content":{"rendered":"<p><strong>Gavafut\u00e9 Fibra<\/strong>, Bote con 250 grs.<\/p>\n<p>La fibra desempe\u00f1a un papel esencial en la salud digestiva, la mayor\u00eda de las personas necesitan m\u00e1s de 32g de fibra al d\u00eda, pero el acelerado ritmo de vida actual casi siempre limita su ingesta m\u00ednima recomendada. Ayuda a la piel y el cabello,\u00a0 es un auxiliar de tu alimentaci\u00f3n para incrementar\u00a0 vitalidad y energ\u00eda, ya que sus principales componentes nutricionales son aceite, omega 3, prote\u00ednas, vitaminas y minerales esenciales.<\/p>\n<p><em>Modo de empleo:<\/em><\/p>\n<p>Mezclar o espolvorear una cucharada de Gavafut\u00e9 Fibra en un vaso con agua, licuado, jugo o bebida de su preferencia; tambi\u00e9n en cereales o frutas. Se recomienda consumir antes del desayuno y cena.<\/p>\n<p><em>Ingredientes:<\/em><\/p>\n<ul>\n<li>Nopal deshidratado en polvo (Opuntia robusta).<\/li>\n<li>Salvado de trigo pulverizado (Triticum sativum).<\/li>\n<li>Semilla de linaza deshidratada en polvo (Linum usitatissimum).<\/li>\n<li>Fruto de la pi\u00f1a deshidratada en polvo (Ananas comosus).<\/li>\n<\/ul>","protected":false},"excerpt":{"rendered":"<p><strong>Gavafut\u00e9 Fibra<\/strong>, Bote con 250 grs.<\/p>","protected":false},"featured_media":35,"comment_status":"open","ping_status":"closed","template":"","meta":[],"product_brand":[],"product_cat":[18],"product_tag":[],"class_list":{"0":"post-34","1":"product","2":"type-product","3":"status-publish","4":"has-post-thumbnail","6":"product_cat-gavafute","8":"first","9":"instock","10":"sale","11":"shipping-taxable","12":"purchasable","13":"product-type-simple"},"_links":{"self":[{"href":"https:\/\/mygavafute.com\/en\/wp-json\/wp\/v2\/product\/34","targetHints":{"allow":["GET"]}}],"collection":[{"href":"https:\/\/mygavafute.com\/en\/wp-json\/wp\/v2\/product"}],"about":[{"href":"https:\/\/mygavafute.com\/en\/wp-json\/wp\/v2\/types\/product"}],"replies":[{"embeddable":true,"href":"https:\/\/mygavafute.com\/en\/wp-json\/wp\/v2\/comments?post=34"}],"wp:featuredmedia":[{"embeddable":true,"href":"https:\/\/mygavafute.com\/en\/wp-json\/wp\/v2\/media\/35"}],"wp:attachment":[{"href":"https:\/\/mygavafute.com\/en\/wp-json\/wp\/v2\/media?parent=34"}],"wp:term":[{"taxonomy":"product_brand","embeddable":true,"href":"https:\/\/mygavafute.com\/en\/wp-json\/wp\/v2\/product_brand?post=34"},{"taxonomy":"product_cat","embeddable":true,"href":"https:\/\/mygavafute.com\/en\/wp-json\/wp\/v2\/product_cat?post=34"},{"taxonomy":"product_tag","embeddable":true,"href":"https:\/\/mygavafute.com\/en\/wp-json\/wp\/v2\/product_tag?post=34"}],"curies":[{"name":"wp","href":"https:\/\/api.w.org\/{rel}","templated":true}]}}