{"id":32,"date":"2023-08-31T02:24:36","date_gmt":"2023-08-31T02:24:36","guid":{"rendered":"http:\/\/mygavafute.com\/?post_type=product&#038;p=32"},"modified":"2023-09-05T06:22:24","modified_gmt":"2023-09-05T06:22:24","slug":"capsulas","status":"publish","type":"product","link":"https:\/\/mygavafute.com\/en\/product\/capsulas\/","title":{"rendered":"Gavafut\u00e9 C\u00e1psulas"},"content":{"rendered":"<p><strong>Gavafut\u00e9 C\u00e1psulas<\/strong>, Frasco con 30 tabletas de 1 gr. c\/u.<\/p>\n<p>Lo que notar\u00e1s al momento de tomar gavafut\u00e9 es que mejora tu digesti\u00f3n aporta vitaminas y minerales derivado de los ingredientes es una buena fuente de antioxidantes provenientes del ar\u00e1ndano y tejocote.<\/p>\n<p>Auxiliar en el proceso digestivo, que aporta nutrientes necesarios para tener una buena calidad de vida.<\/p>\n<p><em>Modo de empleo:<\/em><\/p>\n<p>Tomar una tableta antes de ir a dormir. Como consumir agua natural ayuda a desintoxicar tu cuerpo, es importante beber en el transcurso del d\u00eda un m\u00ednimo de 1\u00bd Lts.<\/p>\n<p><em>Ingredientes:<\/em><\/p>\n<ul>\n<li>Zacate de lim\u00f3n. (Cymbopogon citratus)<\/li>\n<li>Ra\u00edz de lima. (Citrus Lima)<\/li>\n<li>Ar\u00e1ndano (Vaccinium macrocarpon)<\/li>\n<li>Tejocote (Crataegus mexicana)<\/li>\n<\/ul>","protected":false},"excerpt":{"rendered":"<p><strong>Gavafut\u00e9 C\u00e1psulas<\/strong>, Frasco con 30 tabletas de 1 gr. c\/u.<\/p>","protected":false},"featured_media":33,"comment_status":"open","ping_status":"closed","template":"","meta":[],"product_brand":[],"product_cat":[18],"product_tag":[],"class_list":{"0":"post-32","1":"product","2":"type-product","3":"status-publish","4":"has-post-thumbnail","6":"product_cat-gavafute","8":"first","9":"instock","10":"sale","11":"shipping-taxable","12":"purchasable","13":"product-type-simple"},"_links":{"self":[{"href":"https:\/\/mygavafute.com\/en\/wp-json\/wp\/v2\/product\/32","targetHints":{"allow":["GET"]}}],"collection":[{"href":"https:\/\/mygavafute.com\/en\/wp-json\/wp\/v2\/product"}],"about":[{"href":"https:\/\/mygavafute.com\/en\/wp-json\/wp\/v2\/types\/product"}],"replies":[{"embeddable":true,"href":"https:\/\/mygavafute.com\/en\/wp-json\/wp\/v2\/comments?post=32"}],"wp:featuredmedia":[{"embeddable":true,"href":"https:\/\/mygavafute.com\/en\/wp-json\/wp\/v2\/media\/33"}],"wp:attachment":[{"href":"https:\/\/mygavafute.com\/en\/wp-json\/wp\/v2\/media?parent=32"}],"wp:term":[{"taxonomy":"product_brand","embeddable":true,"href":"https:\/\/mygavafute.com\/en\/wp-json\/wp\/v2\/product_brand?post=32"},{"taxonomy":"product_cat","embeddable":true,"href":"https:\/\/mygavafute.com\/en\/wp-json\/wp\/v2\/product_cat?post=32"},{"taxonomy":"product_tag","embeddable":true,"href":"https:\/\/mygavafute.com\/en\/wp-json\/wp\/v2\/product_tag?post=32"}],"curies":[{"name":"wp","href":"https:\/\/api.w.org\/{rel}","templated":true}]}}