{"id":16,"date":"2023-08-31T00:12:16","date_gmt":"2023-08-31T00:12:16","guid":{"rendered":"http:\/\/mygavafute.com\/?page_id=16"},"modified":"2023-09-09T05:40:56","modified_gmt":"2023-09-09T05:40:56","slug":"nosotros","status":"publish","type":"page","link":"https:\/\/mygavafute.com\/en\/nosotros\/","title":{"rendered":"About"},"content":{"rendered":"<div data-elementor-type=\"wp-page\" data-elementor-id=\"16\" class=\"elementor elementor-16\" data-elementor-post-type=\"page\">\n\t\t\t\t\t\t<section class=\"elementor-section elementor-top-section elementor-element elementor-element-8a58a60 elementor-section-boxed elementor-section-height-default elementor-section-height-default\" data-id=\"8a58a60\" data-element_type=\"section\" data-e-type=\"section\">\n\t\t\t\t\t\t\t<div class=\"elementor-background-overlay\"><\/div>\n\t\t\t\t\t\t\t<div class=\"elementor-container elementor-column-gap-default\">\n\t\t\t\t\t<div class=\"elementor-column elementor-col-100 elementor-top-column elementor-element elementor-element-07d1038\" data-id=\"07d1038\" data-element_type=\"column\" data-e-type=\"column\">\n\t\t\t<div class=\"elementor-widget-wrap elementor-element-populated\">\n\t\t\t\t\t\t<div class=\"elementor-element elementor-element-d712717 elementor-widget__width-inherit elementor-widget elementor-widget-image\" data-id=\"d712717\" data-element_type=\"widget\" data-e-type=\"widget\" data-widget_type=\"image.default\">\n\t\t\t\t<div class=\"elementor-widget-container\">\n\t\t\t\t\t\t\t\t\t\t\t\t\t\t\t<img fetchpriority=\"high\" decoding=\"async\" width=\"1024\" height=\"162\" src=\"http:\/\/mygavafute.com\/wp-content\/uploads\/2023\/09\/nosotros-1-1024x162.png\" class=\"attachment-large size-large wp-image-144\" alt=\"\" srcset=\"http:\/\/mygavafute.com\/wp-content\/uploads\/2023\/09\/nosotros-1-1024x162.png 1024w, http:\/\/mygavafute.com\/wp-content\/uploads\/2023\/09\/nosotros-1-300x47.png 300w, http:\/\/mygavafute.com\/wp-content\/uploads\/2023\/09\/nosotros-1-768x121.png 768w, http:\/\/mygavafute.com\/wp-content\/uploads\/2023\/09\/nosotros-1-1536x243.png 1536w, http:\/\/mygavafute.com\/wp-content\/uploads\/2023\/09\/nosotros-1-1140x180.png 1140w, http:\/\/mygavafute.com\/wp-content\/uploads\/2023\/09\/nosotros-1-920x145.png 920w, http:\/\/mygavafute.com\/wp-content\/uploads\/2023\/09\/nosotros-1-575x91.png 575w, http:\/\/mygavafute.com\/wp-content\/uploads\/2023\/09\/nosotros-1-380x60.png 380w, http:\/\/mygavafute.com\/wp-content\/uploads\/2023\/09\/nosotros-1-800x126.png 800w, http:\/\/mygavafute.com\/wp-content\/uploads\/2023\/09\/nosotros-1.png 1900w\" sizes=\"(max-width: 1024px) 100vw, 1024px\" \/>\t\t\t\t\t\t\t\t\t\t\t\t\t\t\t<\/div>\n\t\t\t\t<\/div>\n\t\t\t\t<div class=\"elementor-element elementor-element-4281265 elementor-widget elementor-widget-text-editor\" data-id=\"4281265\" data-element_type=\"widget\" data-e-type=\"widget\" data-widget_type=\"text-editor.default\">\n\t\t\t\t<div class=\"elementor-widget-container\">\n\t\t\t\t\t\t\t\t\t<p>\u00a0<\/p><p><strong>Gavafut\u00e9<\/strong> es una marca mexicana creada en 2005 para su comercializaci\u00f3n en el mercado como alimentos y suplementos con el objetivo de ayudar a mejorar la nutrici\u00f3n de quienes requieren mayor energ\u00eda y vitalidad.<\/p><p><strong>Gavafut\u00e9<\/strong> ha invado productos de gran calidad por m\u00e1s de 10 a\u00f1os, posicion\u00e1ndose en el mercado como una marca l\u00edder en el ramo.<\/p><p>Es por esto que Gavafut\u00e9 sigue siendo reconocido a nivel internacional. ya que nuestra marca est\u00e1 en constante expansi\u00f3n en Am\u00e9rica latina.<\/p>\t\t\t\t\t\t\t\t<\/div>\n\t\t\t\t<\/div>\n\t\t\t\t\t<\/div>\n\t\t<\/div>\n\t\t\t\t\t<\/div>\n\t\t<\/section>\n\t\t\t\t<section class=\"elementor-section elementor-top-section elementor-element elementor-element-faac683 elementor-section-boxed elementor-section-height-default elementor-section-height-default\" data-id=\"faac683\" data-element_type=\"section\" data-e-type=\"section\">\n\t\t\t\t\t\t<div class=\"elementor-container elementor-column-gap-default\">\n\t\t\t\t\t<div class=\"elementor-column elementor-col-33 elementor-top-column elementor-element elementor-element-1a82250\" data-id=\"1a82250\" data-element_type=\"column\" data-e-type=\"column\">\n\t\t\t<div class=\"elementor-widget-wrap elementor-element-populated\">\n\t\t\t\t\t\t<div class=\"elementor-element elementor-element-dc98d1c elementor-view-default elementor-widget elementor-widget-icon\" data-id=\"dc98d1c\" data-element_type=\"widget\" data-e-type=\"widget\" data-widget_type=\"icon.default\">\n\t\t\t\t<div class=\"elementor-widget-container\">\n\t\t\t\t\t\t\t<div class=\"elementor-icon-wrapper\">\n\t\t\t<div class=\"elementor-icon\">\n\t\t\t<i aria-hidden=\"true\" class=\"fab fa-envira\"><\/i>\t\t\t<\/div>\n\t\t<\/div>\n\t\t\t\t\t\t<\/div>\n\t\t\t\t<\/div>\n\t\t\t\t<div class=\"elementor-element elementor-element-e3f78d3 elementor-widget elementor-widget-text-editor\" data-id=\"e3f78d3\" data-element_type=\"widget\" data-e-type=\"widget\" data-widget_type=\"text-editor.default\">\n\t\t\t\t<div class=\"elementor-widget-container\">\n\t\t\t\t\t\t\t\t\t<p><strong>Misi\u00f3n:<\/strong> Nuestra misi\u00f3n es mejorar la calidad de vida de las personas mediante la distribuci\u00f3n de nuestros productos y brindarles una opci\u00f3n alternativa con ingredientes de origen natural, capaz de satisfacer sus necesidades.<\/p><p>Existimos gracias a nuestros clientes y luchamos a diario por transmitir un mensaje de vida saludable.<\/p>\t\t\t\t\t\t\t\t<\/div>\n\t\t\t\t<\/div>\n\t\t\t\t\t<\/div>\n\t\t<\/div>\n\t\t\t\t<div class=\"elementor-column elementor-col-33 elementor-top-column elementor-element elementor-element-2bc3bbe\" data-id=\"2bc3bbe\" data-element_type=\"column\" data-e-type=\"column\">\n\t\t\t<div class=\"elementor-widget-wrap elementor-element-populated\">\n\t\t\t\t\t\t<div class=\"elementor-element elementor-element-16ebe17 elementor-view-default elementor-widget elementor-widget-icon\" data-id=\"16ebe17\" data-element_type=\"widget\" data-e-type=\"widget\" data-widget_type=\"icon.default\">\n\t\t\t\t<div class=\"elementor-widget-container\">\n\t\t\t\t\t\t\t<div class=\"elementor-icon-wrapper\">\n\t\t\t<div class=\"elementor-icon\">\n\t\t\t<i aria-hidden=\"true\" class=\"fab fa-envira\"><\/i>\t\t\t<\/div>\n\t\t<\/div>\n\t\t\t\t\t\t<\/div>\n\t\t\t\t<\/div>\n\t\t\t\t<div class=\"elementor-element elementor-element-fdb30c4 elementor-widget elementor-widget-text-editor\" data-id=\"fdb30c4\" data-element_type=\"widget\" data-e-type=\"widget\" data-widget_type=\"text-editor.default\">\n\t\t\t\t<div class=\"elementor-widget-container\">\n\t\t\t\t\t\t\t\t\t<p><strong>Visi\u00f3n:<\/strong> ser el l\u00edderes en el logro de las personas para mejorar su estado de salud al que recurran todos las personas para mejorar su calidad de vida con una adecuada nutrici\u00f3n.<\/p><p>Nuestra experiencia por m\u00e1s de 10 a\u00f1os nos permite sostener los siguientes valores:<\/p><ul><li><em>Respeto:<\/em> Respetamos la calidad y valor de ser humano, por eso ofrecemos\u00a0 auxiliar a las personas para\u00a0 mejorar su calidad de vida.<\/li><li><em>Honestidad:<\/em> Sepa tambi\u00e9n que protegemos de forma rigurosa la informaci\u00f3n personal que nos provee. Nuestra infraestructura tecnol\u00f3gica cuenta con las medidas de seguridad m\u00e1s avanzadas.<\/li><li><em>Responsabilidad:<\/em> Realizamos un esfuerzo constante para lograr que nuestros clientes puedan confiar en GavaFut\u00e9.<\/li><li><em>Lealtad:<\/em> Brindamos excelencia en todos nuestros servicios.<\/li><li><em>Integridad:<\/em> Nuestro producto permite a las personas una mejora en la calidad de vida a trav\u00e9s de un producto saludable.<\/li><li><em>Solidaridad:<\/em> Estamos a su lado para ayudarlo a mejorar su salud.<\/li><\/ul>\t\t\t\t\t\t\t\t<\/div>\n\t\t\t\t<\/div>\n\t\t\t\t\t<\/div>\n\t\t<\/div>\n\t\t\t\t<div class=\"elementor-column elementor-col-33 elementor-top-column elementor-element elementor-element-fa7393f\" data-id=\"fa7393f\" data-element_type=\"column\" data-e-type=\"column\">\n\t\t\t<div class=\"elementor-widget-wrap elementor-element-populated\">\n\t\t\t\t\t\t<div class=\"elementor-element elementor-element-1492517 elementor-view-default elementor-widget elementor-widget-icon\" data-id=\"1492517\" data-element_type=\"widget\" data-e-type=\"widget\" data-widget_type=\"icon.default\">\n\t\t\t\t<div class=\"elementor-widget-container\">\n\t\t\t\t\t\t\t<div class=\"elementor-icon-wrapper\">\n\t\t\t<div class=\"elementor-icon\">\n\t\t\t<i aria-hidden=\"true\" class=\"fab fa-envira\"><\/i>\t\t\t<\/div>\n\t\t<\/div>\n\t\t\t\t\t\t<\/div>\n\t\t\t\t<\/div>\n\t\t\t\t<div class=\"elementor-element elementor-element-b091242 elementor-widget elementor-widget-text-editor\" data-id=\"b091242\" data-element_type=\"widget\" data-e-type=\"widget\" data-widget_type=\"text-editor.default\">\n\t\t\t\t<div class=\"elementor-widget-container\">\n\t\t\t\t\t\t\t\t\t<p><strong>Filosof\u00eda:<\/strong> Brindar productos\u00a0 con ingredientes naturales confiables de alta calidad nos proponemos,<\/p><p>Ser din\u00e1micos, siempre buscando la calidad y nuevas soluciones.<\/p><p>Ser abiertos, a los cambios, a experimentar, y a hacer cosas diferentes.<\/p><p>Ser nobles, de esp\u00edritu, leales, honrados y sinceros.<\/p><p>Estar comprometidos, con nuestros clientes.<\/p>\t\t\t\t\t\t\t\t<\/div>\n\t\t\t\t<\/div>\n\t\t\t\t\t<\/div>\n\t\t<\/div>\n\t\t\t\t\t<\/div>\n\t\t<\/section>\n\t\t\t\t<section class=\"elementor-section elementor-top-section elementor-element elementor-element-7a806fb elementor-section-boxed elementor-section-height-default elementor-section-height-default\" data-id=\"7a806fb\" data-element_type=\"section\" data-e-type=\"section\">\n\t\t\t\t\t\t<div class=\"elementor-container elementor-column-gap-default\">\n\t\t\t\t\t<div class=\"elementor-column elementor-col-100 elementor-top-column elementor-element elementor-element-2d29735\" data-id=\"2d29735\" data-element_type=\"column\" data-e-type=\"column\">\n\t\t\t<div class=\"elementor-widget-wrap elementor-element-populated\">\n\t\t\t\t\t\t<div class=\"elementor-element elementor-element-e6712e3 elementor-widget elementor-widget-text-editor\" data-id=\"e6712e3\" data-element_type=\"widget\" data-e-type=\"widget\" data-widget_type=\"text-editor.default\">\n\t\t\t\t<div class=\"elementor-widget-container\">\n\t\t\t\t\t\t\t\t\t<p><strong>Gavafut\u00e9<\/strong> cree que la naturaleza nos provee de los elementos que requerimos para beneficiar nuestra salud sin necesidad de productos qu\u00edmicos que da\u00f1ar\u00e1n nuestro organismo, Gavafut\u00e9 es para quienes se ocupan de su bienestar f\u00edsico. El aporte de vitaminas y minerales de este producto es natural derivado de sus ingredientes<\/p><p><strong>Objetivos\u00a0<\/strong><\/p><ol><li>Alcanzar un mayor porcentaje de ventas a nivel nacional e internacional.<\/li><li>Aumentar las ventas anuales un 50%.<\/li><li>Recuperar la totalidad de la inversi\u00f3n inicial en un lapso 6 meses.<\/li><li>Aumentar venta en 3% mensual.<\/li><li>Aumentar la eficiencia en atenci\u00f3n al cliente en un 30% mensual.<\/li><\/ol><p><strong>Estrategias<\/strong><\/p><ol><li>Crecer dentro del mercado de distribuci\u00f3n proporcionando a los clientes productos que lo satisfagan y cubran sus expectativas.<\/li><li>Siempre dar el mejor servicio de atenci\u00f3n a nuestros clientes.<\/li><li>Percibir nuevas tendencias de la industria para informar a nuestra distribuci\u00f3n, a efecto de que desarrolle nuevos servicios y productos para satisfacer estas nuevas necesidades.<\/li><li>Lograr ser los centros de distribuci\u00f3n m\u00e1s importantes a nivel nacional e internacional.<\/li><\/ol><p><strong>Post-venta\u00a0<\/strong><\/p><p>El servicio de post-venta de cero rollo es precisamente la opci\u00f3n de recordar a los clientes, la fecha de vencimiento, para adquirir el producto. Adem\u00e1s estar\u00e1 a disposici\u00f3n del cliente el sitio con un mail y tel\u00e9fono donde ser\u00e1n contestadas dudas, quejas o cualquier inquietud.<\/p>\t\t\t\t\t\t\t\t<\/div>\n\t\t\t\t<\/div>\n\t\t\t\t\t<\/div>\n\t\t<\/div>\n\t\t\t\t\t<\/div>\n\t\t<\/section>\n\t\t\t\t<\/div>","protected":false},"excerpt":{"rendered":"<p>\u00a0 Gavafut\u00e9 es una marca mexicana creada en 2005 para su comercializaci\u00f3n en el mercado como alimentos y suplementos con el objetivo de ayudar a mejorar la nutrici\u00f3n de quienes [&hellip;]<\/p>\n","protected":false},"author":1,"featured_media":0,"parent":0,"menu_order":0,"comment_status":"closed","ping_status":"closed","template":"","meta":{"footnotes":""},"class_list":["post-16","page","type-page","status-publish","hentry"],"_links":{"self":[{"href":"https:\/\/mygavafute.com\/en\/wp-json\/wp\/v2\/pages\/16","targetHints":{"allow":["GET"]}}],"collection":[{"href":"https:\/\/mygavafute.com\/en\/wp-json\/wp\/v2\/pages"}],"about":[{"href":"https:\/\/mygavafute.com\/en\/wp-json\/wp\/v2\/types\/page"}],"author":[{"embeddable":true,"href":"https:\/\/mygavafute.com\/en\/wp-json\/wp\/v2\/users\/1"}],"replies":[{"embeddable":true,"href":"https:\/\/mygavafute.com\/en\/wp-json\/wp\/v2\/comments?post=16"}],"version-history":[{"count":50,"href":"https:\/\/mygavafute.com\/en\/wp-json\/wp\/v2\/pages\/16\/revisions"}],"predecessor-version":[{"id":220,"href":"https:\/\/mygavafute.com\/en\/wp-json\/wp\/v2\/pages\/16\/revisions\/220"}],"wp:attachment":[{"href":"https:\/\/mygavafute.com\/en\/wp-json\/wp\/v2\/media?parent=16"}],"curies":[{"name":"wp","href":"https:\/\/api.w.org\/{rel}","templated":true}]}}